{"id":3207,"date":"2018-12-01T15:37:46","date_gmt":"2018-12-01T14:37:58","guid":{"rendered":"http:\/\/artshoemafia.com\/?post_type=product&#038;p=3207"},"modified":"2019-12-01T23:46:54","modified_gmt":"2019-12-01T22:46:54","slug":"lafrance","status":"publish","type":"product","link":"https:\/\/artshoemafia.com\/nl\/product\/lafrance\/","title":{"rendered":"La France"},"content":{"rendered":"<p>La France staat voor al het mooie van Frankrijk. Libert\u00e9, egalit\u00e9, fraternit\u00e9. Het land van vele kunstenaars, van le vin, van \u00e9\u00e9n voor allen en allen voor \u00e9\u00e9n. Uiteraard kan de Franse lelie niet ontbreken, evenals le pain! Een elegante en royale schoen, kortom, la France.<\/p>\n","protected":false},"excerpt":{"rendered":"<p class=\"p1\">La Douce France<\/p>\n","protected":false},"featured_media":3637,"template":"","meta":[],"product_brand":[],"product_cat":[101,67],"product_tag":[],"class_list":{"0":"post-3207","1":"product","2":"type-product","3":"status-publish","4":"has-post-thumbnail","6":"product_cat-roy-wagemans-nl","7":"product_cat-schoenen","9":"first","10":"outofstock","11":"taxable","12":"shipping-taxable","13":"purchasable","14":"product-type-variable"},"_links":{"self":[{"href":"https:\/\/artshoemafia.com\/nl\/wp-json\/wp\/v2\/product\/3207","targetHints":{"allow":["GET"]}}],"collection":[{"href":"https:\/\/artshoemafia.com\/nl\/wp-json\/wp\/v2\/product"}],"about":[{"href":"https:\/\/artshoemafia.com\/nl\/wp-json\/wp\/v2\/types\/product"}],"wp:featuredmedia":[{"embeddable":true,"href":"https:\/\/artshoemafia.com\/nl\/wp-json\/wp\/v2\/media\/3637"}],"wp:attachment":[{"href":"https:\/\/artshoemafia.com\/nl\/wp-json\/wp\/v2\/media?parent=3207"}],"wp:term":[{"taxonomy":"product_brand","embeddable":true,"href":"https:\/\/artshoemafia.com\/nl\/wp-json\/wp\/v2\/product_brand?post=3207"},{"taxonomy":"product_cat","embeddable":true,"href":"https:\/\/artshoemafia.com\/nl\/wp-json\/wp\/v2\/product_cat?post=3207"},{"taxonomy":"product_tag","embeddable":true,"href":"https:\/\/artshoemafia.com\/nl\/wp-json\/wp\/v2\/product_tag?post=3207"}],"curies":[{"name":"wp","href":"https:\/\/api.w.org\/{rel}","templated":true}]}}